{"id":558,"date":"2025-04-09T15:12:55","date_gmt":"2025-04-09T15:12:55","guid":{"rendered":"https:\/\/xavierpoch.com\/politica-de-privacitat\/"},"modified":"2025-04-25T08:08:54","modified_gmt":"2025-04-25T08:08:54","slug":"politica-de-privacitat","status":"publish","type":"page","link":"https:\/\/xavierpoch.com\/ca\/politica-de-privacitat\/","title":{"rendered":"POL\u00cdTICA DE PRIVACITAT"},"content":{"rendered":"<p>[et_pb_section fb_built=&#8221;1&#8243; _builder_version=&#8221;4.27.4&#8243; _module_preset=&#8221;default&#8221; global_colors_info=&#8221;{}&#8221;][et_pb_row _builder_version=&#8221;4.27.4&#8243; _module_preset=&#8221;default&#8221; global_colors_info=&#8221;{}&#8221;][et_pb_column type=&#8221;4_4&#8243; _builder_version=&#8221;4.27.4&#8243; _module_preset=&#8221;default&#8221; global_colors_info=&#8221;{}&#8221;][et_pb_text _builder_version=&#8221;4.27.4&#8243; _module_preset=&#8221;default&#8221; global_colors_info=&#8221;{}&#8221;]<\/p>\n<h1><strong>POL\u00cdTICA DE PRIVADESA<\/strong><\/h1>\n<p><strong><\/strong><\/p>\n<p><strong>XAVIER POCH<\/strong> informa els usuaris del lloc web sobre la seva pol\u00edtica respecte del tractament i protecci\u00f3 de les dades de car\u00e0cter personal dels usuaris i clients que puguin ser demanats per la navegaci\u00f3 a trav\u00e9s del seu lloc web.<\/p>\n<p><strong>1.- Informaci\u00f3 a l&#8217;Usuari<\/strong><\/p>\n<p><strong>Responsable del Tractament:<\/strong><br \/><strong>Xavier Poch de Via<\/strong><br \/>NIF: 46330187E<br \/>Domicili Social: Rossell\u00f3 231, 4t, 2a. 08008 Barcelona <br \/><a href=\"http:\/\/www.xavierpoch.com\">www.xavierpoch.com<\/a><\/p>\n<p><strong>Dades de contacte:<br \/><\/strong>Tel\u00e8fon: 934872818<br \/>e-Mail: <a href=\"mailto:xpoch@mongeiorteu.com\">xpoch@mongeiorteu.com<\/a><\/p>\n<p><strong>Finalitat del tractament de les vostres dades.<\/strong><\/p>\n<p>Les dades seran utilitzades per mantenir una relaci\u00f3 comercial amb l&#8217;Usuari. Les operacions previstes per realitzar el tractament s\u00f3n:<\/p>\n<ul>\n<li>Remissi\u00f3 de comunicacions comercials publicit\u00e0ries per email, xarxes socials o qualsevol altre mitj\u00e0 electr\u00f2nic, present o futur, que possibiliti realitzar<br \/>comunicacions comercials. Aquestes comunicacions seran realitzades pel Responsable i relacionades amb els seus productes i serveis, o amb els dels seus<br \/>col\u00b7laboradors o prove\u00efdors amb qu\u00e8 aquest hagi assolit algun acord de promoci\u00f3. En aquest cas, els tercers mai no tindran acc\u00e9s a les dades personals.<\/li>\n<li>Tramitar enc\u00e0rrecs, sol\u00b7licituds o qualsevol tipus de petici\u00f3 que sigui realitzada per l&#8217;usuari a trav\u00e9s de qualsevol de les formes de contacte que es posen al vostre<br \/>disposici\u00f3.<\/li>\n<li>Remetre el butllet\u00ed de not\u00edcies de la p\u00e0gina web.<\/li>\n<\/ul>\n<p>Criteris de conservaci\u00f3 de les dades: Les dades personals proporcionades es conservaran fins que no se sol\u00b7liciti la suspensi\u00f3 per part de l&#8217;interessat, exercint els seus drets sobre les dades, i en qualsevol cas en compliment de terminis legals de prescripci\u00f3 que li siguin aplicables.<\/p>\n<p>Legitimaci\u00f3: La base legal per al tractament de les dades personals est\u00e0 basada en el consentiment expr\u00e9s del mateix interessat o, si escau, en l&#8217;execuci\u00f3 d&#8217;un contracte i\/o servei. En qualsevol moment es podr\u00e0 exercir el dret a retirar el consentiment sense que aix\u00f2 afecti la licitud del tractament basat en el consentiment previ a la seva retirada.<\/p>\n<p>Destinataris: Les dades seran utilitzades per El Responsable, tamb\u00e9 podr\u00e0 comunicar leg\u00edtimament les dades personals amb els encarregats de tractament per a l&#8217;execuci\u00f3 d&#8217;un contracte o prestaci\u00f3 d&#8217;un servei a El Responsable, seguint les instruccions en tot moment i assegurant els mateixos nivells de seguretat.<\/p>\n<p><strong>Drets:<\/strong><\/p>\n<p>L&#8217;usuari t\u00e9 dret a:<\/p>\n<p>Sol\u00b7licitar l&#8217;acc\u00e9s a les vostres dades personals que s&#8217;estan tractant i rebre aquesta informaci\u00f3 per escrit pel mitj\u00e0 sol\u00b7licitat.<\/p>\n<p>Sol\u00b7licitar la rectificaci\u00f3 de les dades personals inexactes o, si escau, sol\u00b7licitar-ne la supressi\u00f3 quan, entre altres motius, les dades ja no siguin necess\u00e0ries per a la finalitat per les quals van ser recollides.<\/p>\n<p>Sol\u00b7licitar la limitaci\u00f3 del tractament de les vostres dades.<\/p>\n<p>Oposar-se al tractament de les seves dades personals quan sigui procedent, cas en qu\u00e8 es deixaran de tractar les seves dades, excepte per motius leg\u00edtims.<\/p>\n<p>Dret a la portabilitat de les vostres dades personals quan el tractament estigui basat en un consentiment i s&#8217;efectu\u00ef per mitjans automatitzats. Les dades es lliuraran de forma estructurada, \u00fas com\u00fa i lectura mec\u00e0nica.<\/p>\n<p>Dret a retirar el consentiment prestat.<\/p>\n<p>Dret a reclamar davant de l&#8217;ag\u00e8ncia espanyola de protecci\u00f3 de dades.<\/p>\n<p>L&#8217;usuari pot exercir els drets anteriorment indicats a trav\u00e9s de l&#8217;adre\u00e7a de correu postal o electr\u00f2nica seg\u00fcent, havent d&#8217;identificar-se degudament i sol\u00b7licita clarament el dret a exercir:<\/p>\n<p><strong>XAVIER POCH<br \/><\/strong>Adre\u00e7a postal: Rossell\u00f3 231, 4t, 2a. 08008 Barcelona<br \/>Adre\u00e7a electr\u00f2nica: <a href=\"mailto:xpoch@mongeiorteu.com\">xpoch@mongeiorteu.com<\/a><\/p>\n<p>Proced\u00e8ncia de les dades: Les dades personals seran facilitades pel propi interessat de manera absolutament volunt\u00e0ria. La manca de facilitar determinades dades o preguntes que poguessin formular-se en els processos de registre o en els diferents formularis electr\u00f2nics que se li presentin a l&#8217;Usuari, pot provocar la impossibilitat d&#8217;acc\u00e9s a determinats serveis per a la prestaci\u00f3 dels quals \u00e9s imprescindible disposar de les dades de car\u00e0cter personal, en aquest cas. El responsable informar\u00e0 del car\u00e0cter obligatori i\/o necessari de facilitar les dades personals per al funcionament del servei.<\/p>\n<p>El Responsable us assegura la confidencialitat de les vostres dades personals i us garanteix la seguretat d&#8217;aquestes, adoptant les mesures necess\u00e0ries per evitar la vostra alteraci\u00f3, p\u00e8rdua, tractament o acc\u00e9s no autoritzat.<\/p>\n<p><strong>2.- Informaci\u00f3 facilitada per l&#8217;usuari<\/strong><\/p>\n<p>Els i les menors de 14 anys no poden cedir les seves dades personals sense el consentiment previ del seu pare\/mare i\/o tutors legals.<\/p>\n<p>Els Usuaris, introduint les seves dades als formularis de contacte o presentats en formularis de desc\u00e0rrega, accepten expressament i de forma lliure i inequ\u00edvoca, que les seves dades s\u00f3n necess\u00e0ries per atendre la seva petici\u00f3, per part del Responsable, sent volunt\u00e0ria la inclusi\u00f3 de dades als camps restants.<\/p>\n<p>L&#8217;Usuari garanteix que les dades personals facilitades s\u00f3n veraces i es fa responsable de comunicar-ne qualsevol modificaci\u00f3.<\/p>\n<p>Totes les dades sol\u00b7licitades a trav\u00e9s del lloc web s\u00f3n necess\u00e0ries per prestar un servei \u00f2ptim a l&#8217;Usuari. En cas que no siguin facilitades totes les dades, no es garanteix que la informaci\u00f3 i els serveis que El Responsable li faciliti, siguin completament ajustats a les seves necessitats.<\/p>\n<p><strong>Mesures de seguretat<\/strong><\/p>\n<p>Que de conformitat amb el que disposen les normatives vigents en mat\u00e8ria de protecci\u00f3 de dades personals. El Responsable est\u00e0 complint amb totes les disposicions de les normatives RGPD i LOPDGDD per al tractament de les dades personals de la seva responsabilitat, les quals s\u00f3n tractades de manera l\u00edcita, lleial i transparent en relaci\u00f3 amb l&#8217;interessat i adequats, pertinents i limitats al que s\u00f3n necessaris en relaci\u00f3 amb les finalitats.<\/p>\n<p>El Responsable garanteix que ha implementat pol\u00edtiques t\u00e8cniques i organitzatives apropiades per aplicar les mesures de seguretat que estableixen el RGPD i la LOPDGDD per tal de protegir els drets i les llibertats dels Usuaris i els ha comunicat la informaci\u00f3 adequada perqu\u00e8 puguin exercir-los.<\/p>\n<p><strong>Bretxes de Seguretat<\/strong><\/p>\n<p>El Responsable informar\u00e0 sobre qualsevol bretxa de seguretat que afecti la base de dades que utilitza aquest lloc web, o que afecti qualsevol dels nostres serveis de tercers, totes i cadascuna de les persones, dades dels quals puguin haver estat afectades, i autoritats, dins de les 72 hores seg\u00fcents a la detecci\u00f3 de la bretxa.<\/p>\n<p><strong>LEGISLACI\u00d3 APLICABLE I JURISDICCI\u00d3<\/strong><\/p>\n<p>Per a la resoluci\u00f3 de totes les controv\u00e8rsies o q\u00fcestions relacionades amb aquest lloc web o de les activitats que s&#8217;hi desenvolupin, ser\u00e0 aplicable la legislaci\u00f3 espanyola, a la qual se sotmeten expressament les parts, sent competents per a la resoluci\u00f3 de tots els conflictes derivats o relacionats amb el seu \u00fas els Jutjats i Tribunals de Barcelona<\/p>\n<p>[\/et_pb_text][\/et_pb_column][\/et_pb_row][\/et_pb_section]<\/p>\n","protected":false},"excerpt":{"rendered":"<p>POL\u00cdTICA DE PRIVADESA XAVIER POCH informa els usuaris del lloc web sobre la seva pol\u00edtica respecte del tractament i protecci\u00f3 de les dades de car\u00e0cter personal dels usuaris i clients que puguin ser demanats per la navegaci\u00f3 a trav\u00e9s del seu lloc web. 1.- Informaci\u00f3 a l&#8217;Usuari Responsable del Tractament:Xavier Poch de ViaNIF: 46330187EDomicili Social: Rossell\u00f3 231, 4t, 2a. 08008 Barcelona www.xavierpoch.com Dades de contacte:Tel\u00e8fon: 934872818e-Mail: xpoch@mongeiorteu.com Finalitat del tractament de les vostres dades. Les dades seran utilitzades per mantenir una relaci\u00f3 comercial amb l&#8217;Usuari. Les operacions previstes per realitzar el tractament s\u00f3n: Remissi\u00f3 de comunicacions comercials publicit\u00e0ries per email, xarxes socials o qualsevol altre mitj\u00e0 electr\u00f2nic, present o futur, que possibiliti realitzarcomunicacions comercials. Aquestes comunicacions seran realitzades pel Responsable i relacionades amb els seus productes i serveis, o amb els dels seuscol\u00b7laboradors o prove\u00efdors amb qu\u00e8 aquest hagi assolit algun acord de promoci\u00f3. En aquest cas, els tercers mai no tindran acc\u00e9s a les dades personals. Tramitar enc\u00e0rrecs, sol\u00b7licituds o qualsevol tipus de petici\u00f3 que sigui realitzada per l&#8217;usuari a trav\u00e9s de qualsevol de les formes de contacte que es posen al vostredisposici\u00f3. Remetre el butllet\u00ed de not\u00edcies de la p\u00e0gina web. Criteris de conservaci\u00f3 de les dades: Les [&hellip;]<\/p>\n","protected":false},"author":1,"featured_media":0,"parent":0,"menu_order":0,"comment_status":"closed","ping_status":"closed","template":"","meta":{"_et_pb_use_builder":"on","_et_pb_old_content":"","_et_gb_content_width":"","footnotes":""},"class_list":["post-558","page","type-page","status-publish","hentry"],"yoast_head":"<!-- This site is optimized with the Yoast SEO plugin v26.0 - https:\/\/yoast.com\/wordpress\/plugins\/seo\/ -->\n<title>POL\u00cdTICA DE PRIVACITAT - xavierpoch.com<\/title>\n<meta name=\"robots\" content=\"noindex, follow, max-snippet:-1, max-image-preview:large, max-video-preview:-1\" \/>\n<meta property=\"og:locale\" content=\"ca_ES\" \/>\n<meta property=\"og:type\" content=\"article\" \/>\n<meta property=\"og:title\" content=\"POL\u00cdTICA DE PRIVACITAT - xavierpoch.com\" \/>\n<meta property=\"og:description\" content=\"POL\u00cdTICA DE PRIVADESA XAVIER POCH informa els usuaris del lloc web sobre la seva pol\u00edtica respecte del tractament i protecci\u00f3 de les dades de car\u00e0cter personal dels usuaris i clients que puguin ser demanats per la navegaci\u00f3 a trav\u00e9s del seu lloc web. 1.- Informaci\u00f3 a l&#039;Usuari Responsable del Tractament:Xavier Poch de ViaNIF: 46330187EDomicili Social: Rossell\u00f3 231, 4t, 2a. 08008 Barcelona www.xavierpoch.com Dades de contacte:Tel\u00e8fon: 934872818e-Mail: xpoch@mongeiorteu.com Finalitat del tractament de les vostres dades. Les dades seran utilitzades per mantenir una relaci\u00f3 comercial amb l&#039;Usuari. Les operacions previstes per realitzar el tractament s\u00f3n: Remissi\u00f3 de comunicacions comercials publicit\u00e0ries per email, xarxes socials o qualsevol altre mitj\u00e0 electr\u00f2nic, present o futur, que possibiliti realitzarcomunicacions comercials. Aquestes comunicacions seran realitzades pel Responsable i relacionades amb els seus productes i serveis, o amb els dels seuscol\u00b7laboradors o prove\u00efdors amb qu\u00e8 aquest hagi assolit algun acord de promoci\u00f3. En aquest cas, els tercers mai no tindran acc\u00e9s a les dades personals. Tramitar enc\u00e0rrecs, sol\u00b7licituds o qualsevol tipus de petici\u00f3 que sigui realitzada per l&#039;usuari a trav\u00e9s de qualsevol de les formes de contacte que es posen al vostredisposici\u00f3. Remetre el butllet\u00ed de not\u00edcies de la p\u00e0gina web. Criteris de conservaci\u00f3 de les dades: Les [&hellip;]\" \/>\n<meta property=\"og:url\" content=\"https:\/\/xavierpoch.com\/ca\/politica-de-privacitat\/\" \/>\n<meta property=\"og:site_name\" content=\"xavierpoch.com\" \/>\n<meta property=\"article:modified_time\" content=\"2025-04-25T08:08:54+00:00\" \/>\n<meta name=\"twitter:card\" content=\"summary_large_image\" \/>\n<meta name=\"twitter:label1\" content=\"Temps estimat de lectura\" \/>\n\t<meta name=\"twitter:data1\" content=\"6 minuts\" \/>\n<script type=\"application\/ld+json\" class=\"yoast-schema-graph\">{\"@context\":\"https:\/\/schema.org\",\"@graph\":[{\"@type\":\"WebPage\",\"@id\":\"https:\/\/xavierpoch.com\/ca\/politica-de-privacitat\/\",\"url\":\"https:\/\/xavierpoch.com\/ca\/politica-de-privacitat\/\",\"name\":\"POL\u00cdTICA DE PRIVACITAT - xavierpoch.com\",\"isPartOf\":{\"@id\":\"https:\/\/xavierpoch.com\/ca\/#website\"},\"datePublished\":\"2025-04-09T15:12:55+00:00\",\"dateModified\":\"2025-04-25T08:08:54+00:00\",\"breadcrumb\":{\"@id\":\"https:\/\/xavierpoch.com\/ca\/politica-de-privacitat\/#breadcrumb\"},\"inLanguage\":\"ca\",\"potentialAction\":[{\"@type\":\"ReadAction\",\"target\":[\"https:\/\/xavierpoch.com\/ca\/politica-de-privacitat\/\"]}]},{\"@type\":\"BreadcrumbList\",\"@id\":\"https:\/\/xavierpoch.com\/ca\/politica-de-privacitat\/#breadcrumb\",\"itemListElement\":[{\"@type\":\"ListItem\",\"position\":1,\"name\":\"Portada\",\"item\":\"https:\/\/xavierpoch.com\/ca\/\"},{\"@type\":\"ListItem\",\"position\":2,\"name\":\"POL\u00cdTICA DE PRIVACITAT\"}]},{\"@type\":\"WebSite\",\"@id\":\"https:\/\/xavierpoch.com\/ca\/#website\",\"url\":\"https:\/\/xavierpoch.com\/ca\/\",\"name\":\"xavierpoch.com\",\"description\":\"Mi sitio Wordpress y Woocommerce creado con SWPanel.com\",\"potentialAction\":[{\"@type\":\"SearchAction\",\"target\":{\"@type\":\"EntryPoint\",\"urlTemplate\":\"https:\/\/xavierpoch.com\/ca\/?s={search_term_string}\"},\"query-input\":{\"@type\":\"PropertyValueSpecification\",\"valueRequired\":true,\"valueName\":\"search_term_string\"}}],\"inLanguage\":\"ca\"}]}<\/script>\n<!-- \/ Yoast SEO plugin. -->","yoast_head_json":{"title":"POL\u00cdTICA DE PRIVACITAT - xavierpoch.com","robots":{"index":"noindex","follow":"follow","max-snippet":"max-snippet:-1","max-image-preview":"max-image-preview:large","max-video-preview":"max-video-preview:-1"},"og_locale":"ca_ES","og_type":"article","og_title":"POL\u00cdTICA DE PRIVACITAT - xavierpoch.com","og_description":"POL\u00cdTICA DE PRIVADESA XAVIER POCH informa els usuaris del lloc web sobre la seva pol\u00edtica respecte del tractament i protecci\u00f3 de les dades de car\u00e0cter personal dels usuaris i clients que puguin ser demanats per la navegaci\u00f3 a trav\u00e9s del seu lloc web. 1.- Informaci\u00f3 a l'Usuari Responsable del Tractament:Xavier Poch de ViaNIF: 46330187EDomicili Social: Rossell\u00f3 231, 4t, 2a. 08008 Barcelona www.xavierpoch.com Dades de contacte:Tel\u00e8fon: 934872818e-Mail: xpoch@mongeiorteu.com Finalitat del tractament de les vostres dades. Les dades seran utilitzades per mantenir una relaci\u00f3 comercial amb l'Usuari. Les operacions previstes per realitzar el tractament s\u00f3n: Remissi\u00f3 de comunicacions comercials publicit\u00e0ries per email, xarxes socials o qualsevol altre mitj\u00e0 electr\u00f2nic, present o futur, que possibiliti realitzarcomunicacions comercials. Aquestes comunicacions seran realitzades pel Responsable i relacionades amb els seus productes i serveis, o amb els dels seuscol\u00b7laboradors o prove\u00efdors amb qu\u00e8 aquest hagi assolit algun acord de promoci\u00f3. En aquest cas, els tercers mai no tindran acc\u00e9s a les dades personals. Tramitar enc\u00e0rrecs, sol\u00b7licituds o qualsevol tipus de petici\u00f3 que sigui realitzada per l'usuari a trav\u00e9s de qualsevol de les formes de contacte que es posen al vostredisposici\u00f3. Remetre el butllet\u00ed de not\u00edcies de la p\u00e0gina web. Criteris de conservaci\u00f3 de les dades: Les [&hellip;]","og_url":"https:\/\/xavierpoch.com\/ca\/politica-de-privacitat\/","og_site_name":"xavierpoch.com","article_modified_time":"2025-04-25T08:08:54+00:00","twitter_card":"summary_large_image","twitter_misc":{"Temps estimat de lectura":"6 minuts"},"schema":{"@context":"https:\/\/schema.org","@graph":[{"@type":"WebPage","@id":"https:\/\/xavierpoch.com\/ca\/politica-de-privacitat\/","url":"https:\/\/xavierpoch.com\/ca\/politica-de-privacitat\/","name":"POL\u00cdTICA DE PRIVACITAT - xavierpoch.com","isPartOf":{"@id":"https:\/\/xavierpoch.com\/ca\/#website"},"datePublished":"2025-04-09T15:12:55+00:00","dateModified":"2025-04-25T08:08:54+00:00","breadcrumb":{"@id":"https:\/\/xavierpoch.com\/ca\/politica-de-privacitat\/#breadcrumb"},"inLanguage":"ca","potentialAction":[{"@type":"ReadAction","target":["https:\/\/xavierpoch.com\/ca\/politica-de-privacitat\/"]}]},{"@type":"BreadcrumbList","@id":"https:\/\/xavierpoch.com\/ca\/politica-de-privacitat\/#breadcrumb","itemListElement":[{"@type":"ListItem","position":1,"name":"Portada","item":"https:\/\/xavierpoch.com\/ca\/"},{"@type":"ListItem","position":2,"name":"POL\u00cdTICA DE PRIVACITAT"}]},{"@type":"WebSite","@id":"https:\/\/xavierpoch.com\/ca\/#website","url":"https:\/\/xavierpoch.com\/ca\/","name":"xavierpoch.com","description":"Mi sitio Wordpress y Woocommerce creado con SWPanel.com","potentialAction":[{"@type":"SearchAction","target":{"@type":"EntryPoint","urlTemplate":"https:\/\/xavierpoch.com\/ca\/?s={search_term_string}"},"query-input":{"@type":"PropertyValueSpecification","valueRequired":true,"valueName":"search_term_string"}}],"inLanguage":"ca"}]}},"_links":{"self":[{"href":"https:\/\/xavierpoch.com\/ca\/wp-json\/wp\/v2\/pages\/558","targetHints":{"allow":["GET"]}}],"collection":[{"href":"https:\/\/xavierpoch.com\/ca\/wp-json\/wp\/v2\/pages"}],"about":[{"href":"https:\/\/xavierpoch.com\/ca\/wp-json\/wp\/v2\/types\/page"}],"author":[{"embeddable":true,"href":"https:\/\/xavierpoch.com\/ca\/wp-json\/wp\/v2\/users\/1"}],"replies":[{"embeddable":true,"href":"https:\/\/xavierpoch.com\/ca\/wp-json\/wp\/v2\/comments?post=558"}],"version-history":[{"count":8,"href":"https:\/\/xavierpoch.com\/ca\/wp-json\/wp\/v2\/pages\/558\/revisions"}],"predecessor-version":[{"id":578,"href":"https:\/\/xavierpoch.com\/ca\/wp-json\/wp\/v2\/pages\/558\/revisions\/578"}],"wp:attachment":[{"href":"https:\/\/xavierpoch.com\/ca\/wp-json\/wp\/v2\/media?parent=558"}],"curies":[{"name":"wp","href":"https:\/\/api.w.org\/{rel}","templated":true}]}}